{"id":7027,"date":"2024-11-23T11:03:00","date_gmt":"2024-11-23T11:03:00","guid":{"rendered":"https:\/\/www.peoplesmosquito.org.uk\/store\/?post_type=product&#038;p=7027"},"modified":"2026-02-21T19:16:55","modified_gmt":"2026-02-21T19:16:55","slug":"swarm-strike-by-simon-atack-prints","status":"publish","type":"product","link":"https:\/\/www.peoplesmosquito.org.uk\/store\/product\/swarm-strike-by-simon-atack-prints\/","title":{"rendered":"&#8216;SWARM STRIKE&#8217; By Simon Atack"},"content":{"rendered":"<p><strong>&#8211; SWARM STRIKE &#8211;<\/strong><\/p>\n<p>Named after a venomous African insect and the sleeping sickness it inflicts on cattle, the deHavilland Mosquito FBV1\/MkXV111 \u2018Tsetse\u2019 was armed with a powerful 57mm Molins 6-pounder quick-firing gun.<\/p>\n<p>This \u2018big-gun\u2019 Mosquito operated with 248 Sqn, based at Portreath as part of the Banff Strike Wing on a coastal shipping strike off Norway 1944. With Hitler\u2019s occupation of Norway, his land forces became increasingly reliant on resupply by ships at sea.<\/p>\n<p>Mosquito Tsetse NT225\/O of 248 Sqn was one of two Tsetses allocated to this unit on 5th June 1944 and flown by Flying Officer Bill Cosman RCAF.<\/p>\n<p>This wonderful piece of Mosquito artwork is available in 3 versions<\/p>\n<ul>\n<li>24&#8243; x 36&#8243; Gicl\u00e9e Canvas Prints &#8211; Limited to 200 Prints<\/li>\n<li>24&#8243; x 33&#8243; Gicl\u00e9e Paper Prints &#8211; Limited to 400 Prints<\/li>\n<li>24&#8243; x 33&#8243; Single Remarque Gicl\u00e9e Paper Prints &#8211; Limited to 50 Prints<\/li>\n<\/ul>\n<p>All prints are signed and numbered by Simon, include a Certificate of Authenticity and the back story behind the painting.<\/p>\n<p>These superb quality Simon Atack prints will be dispatched directly to you from Simon Atack.<\/p>\n","protected":false},"excerpt":{"rendered":"<p><strong>&#8211; SWARM STRIKE By Simon Atack &#8211;\u00a0<\/strong><\/p>\n<p>This wonderful piece of Mosquito artwork is available in 3 versions<\/p>\n<ul>\n<li>24&#8243; x 36&#8243; Gicl\u00e9e Canvas Prints &#8211; Limited to 200 Prints<\/li>\n<li>24&#8243; x 33&#8243; Gicl\u00e9e Paper Prints &#8211; Limited to 400 Prints<\/li>\n<li>24&#8243; x 33&#8243; Single Remarque Gicl\u00e9e Paper Prints &#8211; Limited to 50 Prints<\/li>\n<\/ul>\n<p>All prints are signed and numbered by Simon, include a Certificate of Authenticity and the back story behind the painting.<\/p>\n<p>These superb quality Simon Atack prints will be dispatched directly to you from Simon Atack.<\/p>\n<p>See below for full description.<\/p>\n<p>&nbsp;<\/p>\n","protected":false},"featured_media":7014,"comment_status":"open","ping_status":"closed","template":"","meta":[],"product_brand":[],"product_cat":[112,318],"product_tag":[328,283,244,329,327],"class_list":{"0":"post-7027","1":"product","2":"type-product","3":"status-publish","4":"has-post-thumbnail","6":"product_cat-prints","7":"product_cat-simon-atack-artwork","8":"product_tag-limited-edition-prints","9":"product_tag-mosquito-artwork","10":"product_tag-mosquito-print","11":"product_tag-prints","12":"product_tag-simon-atack","13":"product_shipping_class-std","15":"first","16":"instock","17":"featured","18":"shipping-taxable","19":"purchasable","20":"product-type-variable"},"supplier_id":null,"supplier_sku":"","barcode":null,"atum_controlled":true,"out_stock_date":null,"out_stock_threshold":null,"inheritable":true,"inbound_stock":null,"stock_on_hold":0,"sold_today":0,"sales_last_days":0,"reserved_stock":null,"customer_returns":null,"warehouse_damage":null,"lost_in_post":null,"other_logs":null,"out_stock_days":0,"lost_sales":0,"has_location":false,"update_date":"2026-04-30T01:29:50","atum_locations":[],"atum_stock_status":"instock","restock_status":false,"low_stock_amount":"","sales_update_date":"2026-04-30T01:29:50","calc_backorders":null,"yoast_head":"<!-- This site is optimized with the Yoast SEO plugin v27.5 - https:\/\/yoast.com\/product\/yoast-seo-wordpress\/ -->\n<title>&#039;SWARM STRIKE&#039; By Simon Atack - The Peoples Mosquito Store<\/title>\n<meta name=\"robots\" content=\"index, follow, max-snippet:-1, max-image-preview:large, max-video-preview:-1\" \/>\n<link rel=\"canonical\" href=\"https:\/\/www.peoplesmosquito.org.uk\/store\/product\/swarm-strike-by-simon-atack-prints\/\" \/>\n<meta property=\"og:locale\" content=\"en_GB\" \/>\n<meta property=\"og:type\" content=\"article\" \/>\n<meta property=\"og:title\" content=\"&#039;SWARM STRIKE&#039; By Simon Atack - The Peoples Mosquito Store\" \/>\n<meta property=\"og:description\" content=\"- SWARM STRIKE By Simon Atack -\u00a0  This wonderful piece of Mosquito artwork is available in 3 versions   24&quot; x 36&quot; Gicl\u00e9e Canvas Prints - Limited to 200 Prints  24&quot; x 33&quot; Gicl\u00e9e Paper Prints - Limited to 400 Prints  24&quot; x 33&quot; Single Remarque Gicl\u00e9e Paper Prints - Limited to 50 Prints  All prints are signed and numbered by Simon, include a Certificate of Authenticity and the back story behind the painting.  These superb quality Simon Atack prints will be dispatched directly to you from Simon Atack.  See below for full description.  &nbsp;\" \/>\n<meta property=\"og:url\" content=\"https:\/\/www.peoplesmosquito.org.uk\/store\/product\/swarm-strike-by-simon-atack-prints\/\" \/>\n<meta property=\"og:site_name\" content=\"The Peoples Mosquito Store\" \/>\n<meta property=\"article:publisher\" content=\"https:\/\/www.facebook.com\/peoplesmosquito\" \/>\n<meta property=\"article:modified_time\" content=\"2026-02-21T19:16:55+00:00\" \/>\n<meta property=\"og:image\" content=\"https:\/\/www.peoplesmosquito.org.uk\/store\/wp-content\/uploads\/2024\/11\/Swarm-Strike.jpg\" \/>\n\t<meta property=\"og:image:width\" content=\"2560\" \/>\n\t<meta property=\"og:image:height\" content=\"1713\" \/>\n\t<meta property=\"og:image:type\" content=\"image\/jpeg\" \/>\n<meta name=\"twitter:card\" content=\"summary_large_image\" \/>\n<meta name=\"twitter:site\" content=\"@peoplesmosquito\" \/>\n<meta name=\"twitter:label1\" content=\"Estimated reading time\" \/>\n\t<meta name=\"twitter:data1\" content=\"1 minute\" \/>\n<script type=\"application\/ld+json\" class=\"yoast-schema-graph\">{\"@context\":\"https:\\\/\\\/schema.org\",\"@graph\":[{\"@type\":\"WebPage\",\"@id\":\"https:\\\/\\\/www.peoplesmosquito.org.uk\\\/store\\\/product\\\/swarm-strike-by-simon-atack-prints\\\/\",\"url\":\"https:\\\/\\\/www.peoplesmosquito.org.uk\\\/store\\\/product\\\/swarm-strike-by-simon-atack-prints\\\/\",\"name\":\"'SWARM STRIKE' By Simon Atack - The Peoples Mosquito Store\",\"isPartOf\":{\"@id\":\"https:\\\/\\\/www.peoplesmosquito.org.uk\\\/store\\\/#website\"},\"primaryImageOfPage\":{\"@id\":\"https:\\\/\\\/www.peoplesmosquito.org.uk\\\/store\\\/product\\\/swarm-strike-by-simon-atack-prints\\\/#primaryimage\"},\"image\":{\"@id\":\"https:\\\/\\\/www.peoplesmosquito.org.uk\\\/store\\\/product\\\/swarm-strike-by-simon-atack-prints\\\/#primaryimage\"},\"thumbnailUrl\":\"https:\\\/\\\/www.peoplesmosquito.org.uk\\\/store\\\/wp-content\\\/uploads\\\/2024\\\/11\\\/Swarm-Strike.jpg\",\"datePublished\":\"2024-11-23T11:03:00+00:00\",\"dateModified\":\"2026-02-21T19:16:55+00:00\",\"breadcrumb\":{\"@id\":\"https:\\\/\\\/www.peoplesmosquito.org.uk\\\/store\\\/product\\\/swarm-strike-by-simon-atack-prints\\\/#breadcrumb\"},\"inLanguage\":\"en-GB\",\"potentialAction\":[{\"@type\":\"ReadAction\",\"target\":[\"https:\\\/\\\/www.peoplesmosquito.org.uk\\\/store\\\/product\\\/swarm-strike-by-simon-atack-prints\\\/\"]}]},{\"@type\":\"ImageObject\",\"inLanguage\":\"en-GB\",\"@id\":\"https:\\\/\\\/www.peoplesmosquito.org.uk\\\/store\\\/product\\\/swarm-strike-by-simon-atack-prints\\\/#primaryimage\",\"url\":\"https:\\\/\\\/www.peoplesmosquito.org.uk\\\/store\\\/wp-content\\\/uploads\\\/2024\\\/11\\\/Swarm-Strike.jpg\",\"contentUrl\":\"https:\\\/\\\/www.peoplesmosquito.org.uk\\\/store\\\/wp-content\\\/uploads\\\/2024\\\/11\\\/Swarm-Strike.jpg\",\"width\":2560,\"height\":1713,\"caption\":\"Swarm strike by Simon Atack\"},{\"@type\":\"BreadcrumbList\",\"@id\":\"https:\\\/\\\/www.peoplesmosquito.org.uk\\\/store\\\/product\\\/swarm-strike-by-simon-atack-prints\\\/#breadcrumb\",\"itemListElement\":[{\"@type\":\"ListItem\",\"position\":1,\"name\":\"Home\",\"item\":\"https:\\\/\\\/www.peoplesmosquito.org.uk\\\/store\\\/\"},{\"@type\":\"ListItem\",\"position\":2,\"name\":\"All Products\",\"item\":\"https:\\\/\\\/www.peoplesmosquito.org.uk\\\/store\\\/shop\\\/\"},{\"@type\":\"ListItem\",\"position\":3,\"name\":\"&#8216;SWARM STRIKE&#8217; By Simon Atack\"}]},{\"@type\":\"WebSite\",\"@id\":\"https:\\\/\\\/www.peoplesmosquito.org.uk\\\/store\\\/#website\",\"url\":\"https:\\\/\\\/www.peoplesmosquito.org.uk\\\/store\\\/\",\"name\":\"The Peoples Mosquito Store\",\"description\":\"To Fly ~ To Educate ~ To Remember\",\"publisher\":{\"@id\":\"https:\\\/\\\/www.peoplesmosquito.org.uk\\\/store\\\/#organization\"},\"potentialAction\":[{\"@type\":\"SearchAction\",\"target\":{\"@type\":\"EntryPoint\",\"urlTemplate\":\"https:\\\/\\\/www.peoplesmosquito.org.uk\\\/store\\\/?s={search_term_string}\"},\"query-input\":{\"@type\":\"PropertyValueSpecification\",\"valueRequired\":true,\"valueName\":\"search_term_string\"}}],\"inLanguage\":\"en-GB\"},{\"@type\":\"Organization\",\"@id\":\"https:\\\/\\\/www.peoplesmosquito.org.uk\\\/store\\\/#organization\",\"name\":\"The People's Mosquito Ltd\",\"url\":\"https:\\\/\\\/www.peoplesmosquito.org.uk\\\/store\\\/\",\"logo\":{\"@type\":\"ImageObject\",\"inLanguage\":\"en-GB\",\"@id\":\"https:\\\/\\\/www.peoplesmosquito.org.uk\\\/store\\\/#\\\/schema\\\/logo\\\/image\\\/\",\"url\":\"https:\\\/\\\/www.peoplesmosquito.org.uk\\\/store\\\/wp-content\\\/uploads\\\/2017\\\/01\\\/cropped-header_bg_1700x544-1.jpg\",\"contentUrl\":\"https:\\\/\\\/www.peoplesmosquito.org.uk\\\/store\\\/wp-content\\\/uploads\\\/2017\\\/01\\\/cropped-header_bg_1700x544-1.jpg\",\"width\":1700,\"height\":278,\"caption\":\"The People's Mosquito Ltd\"},\"image\":{\"@id\":\"https:\\\/\\\/www.peoplesmosquito.org.uk\\\/store\\\/#\\\/schema\\\/logo\\\/image\\\/\"},\"sameAs\":[\"https:\\\/\\\/www.facebook.com\\\/peoplesmosquito\",\"https:\\\/\\\/x.com\\\/peoplesmosquito\",\"https:\\\/\\\/www.instagram.com\\\/thepeoplesmosquito\\\/\",\"https:\\\/\\\/www.linkedin.com\\\/company\\\/the-people's-mosquito-ltd\",\"https:\\\/\\\/www.youtube.com\\\/user\\\/PeoplesMosquito\"]}]}<\/script>\n<!-- \/ Yoast SEO plugin. -->","yoast_head_json":{"title":"'SWARM STRIKE' By Simon Atack - The Peoples Mosquito Store","robots":{"index":"index","follow":"follow","max-snippet":"max-snippet:-1","max-image-preview":"max-image-preview:large","max-video-preview":"max-video-preview:-1"},"canonical":"https:\/\/www.peoplesmosquito.org.uk\/store\/product\/swarm-strike-by-simon-atack-prints\/","og_locale":"en_GB","og_type":"article","og_title":"'SWARM STRIKE' By Simon Atack - The Peoples Mosquito Store","og_description":"- SWARM STRIKE By Simon Atack -\u00a0  This wonderful piece of Mosquito artwork is available in 3 versions   24\" x 36\" Gicl\u00e9e Canvas Prints - Limited to 200 Prints  24\" x 33\" Gicl\u00e9e Paper Prints - Limited to 400 Prints  24\" x 33\" Single Remarque Gicl\u00e9e Paper Prints - Limited to 50 Prints  All prints are signed and numbered by Simon, include a Certificate of Authenticity and the back story behind the painting.  These superb quality Simon Atack prints will be dispatched directly to you from Simon Atack.  See below for full description.  &nbsp;","og_url":"https:\/\/www.peoplesmosquito.org.uk\/store\/product\/swarm-strike-by-simon-atack-prints\/","og_site_name":"The Peoples Mosquito Store","article_publisher":"https:\/\/www.facebook.com\/peoplesmosquito","article_modified_time":"2026-02-21T19:16:55+00:00","og_image":[{"width":2560,"height":1713,"url":"https:\/\/www.peoplesmosquito.org.uk\/store\/wp-content\/uploads\/2024\/11\/Swarm-Strike.jpg","type":"image\/jpeg"}],"twitter_card":"summary_large_image","twitter_site":"@peoplesmosquito","twitter_misc":{"Estimated reading time":"1 minute"},"schema":{"@context":"https:\/\/schema.org","@graph":[{"@type":"WebPage","@id":"https:\/\/www.peoplesmosquito.org.uk\/store\/product\/swarm-strike-by-simon-atack-prints\/","url":"https:\/\/www.peoplesmosquito.org.uk\/store\/product\/swarm-strike-by-simon-atack-prints\/","name":"'SWARM STRIKE' By Simon Atack - The Peoples Mosquito Store","isPartOf":{"@id":"https:\/\/www.peoplesmosquito.org.uk\/store\/#website"},"primaryImageOfPage":{"@id":"https:\/\/www.peoplesmosquito.org.uk\/store\/product\/swarm-strike-by-simon-atack-prints\/#primaryimage"},"image":{"@id":"https:\/\/www.peoplesmosquito.org.uk\/store\/product\/swarm-strike-by-simon-atack-prints\/#primaryimage"},"thumbnailUrl":"https:\/\/www.peoplesmosquito.org.uk\/store\/wp-content\/uploads\/2024\/11\/Swarm-Strike.jpg","datePublished":"2024-11-23T11:03:00+00:00","dateModified":"2026-02-21T19:16:55+00:00","breadcrumb":{"@id":"https:\/\/www.peoplesmosquito.org.uk\/store\/product\/swarm-strike-by-simon-atack-prints\/#breadcrumb"},"inLanguage":"en-GB","potentialAction":[{"@type":"ReadAction","target":["https:\/\/www.peoplesmosquito.org.uk\/store\/product\/swarm-strike-by-simon-atack-prints\/"]}]},{"@type":"ImageObject","inLanguage":"en-GB","@id":"https:\/\/www.peoplesmosquito.org.uk\/store\/product\/swarm-strike-by-simon-atack-prints\/#primaryimage","url":"https:\/\/www.peoplesmosquito.org.uk\/store\/wp-content\/uploads\/2024\/11\/Swarm-Strike.jpg","contentUrl":"https:\/\/www.peoplesmosquito.org.uk\/store\/wp-content\/uploads\/2024\/11\/Swarm-Strike.jpg","width":2560,"height":1713,"caption":"Swarm strike by Simon Atack"},{"@type":"BreadcrumbList","@id":"https:\/\/www.peoplesmosquito.org.uk\/store\/product\/swarm-strike-by-simon-atack-prints\/#breadcrumb","itemListElement":[{"@type":"ListItem","position":1,"name":"Home","item":"https:\/\/www.peoplesmosquito.org.uk\/store\/"},{"@type":"ListItem","position":2,"name":"All Products","item":"https:\/\/www.peoplesmosquito.org.uk\/store\/shop\/"},{"@type":"ListItem","position":3,"name":"&#8216;SWARM STRIKE&#8217; By Simon Atack"}]},{"@type":"WebSite","@id":"https:\/\/www.peoplesmosquito.org.uk\/store\/#website","url":"https:\/\/www.peoplesmosquito.org.uk\/store\/","name":"The Peoples Mosquito Store","description":"To Fly ~ To Educate ~ To Remember","publisher":{"@id":"https:\/\/www.peoplesmosquito.org.uk\/store\/#organization"},"potentialAction":[{"@type":"SearchAction","target":{"@type":"EntryPoint","urlTemplate":"https:\/\/www.peoplesmosquito.org.uk\/store\/?s={search_term_string}"},"query-input":{"@type":"PropertyValueSpecification","valueRequired":true,"valueName":"search_term_string"}}],"inLanguage":"en-GB"},{"@type":"Organization","@id":"https:\/\/www.peoplesmosquito.org.uk\/store\/#organization","name":"The People's Mosquito Ltd","url":"https:\/\/www.peoplesmosquito.org.uk\/store\/","logo":{"@type":"ImageObject","inLanguage":"en-GB","@id":"https:\/\/www.peoplesmosquito.org.uk\/store\/#\/schema\/logo\/image\/","url":"https:\/\/www.peoplesmosquito.org.uk\/store\/wp-content\/uploads\/2017\/01\/cropped-header_bg_1700x544-1.jpg","contentUrl":"https:\/\/www.peoplesmosquito.org.uk\/store\/wp-content\/uploads\/2017\/01\/cropped-header_bg_1700x544-1.jpg","width":1700,"height":278,"caption":"The People's Mosquito Ltd"},"image":{"@id":"https:\/\/www.peoplesmosquito.org.uk\/store\/#\/schema\/logo\/image\/"},"sameAs":["https:\/\/www.facebook.com\/peoplesmosquito","https:\/\/x.com\/peoplesmosquito","https:\/\/www.instagram.com\/thepeoplesmosquito\/","https:\/\/www.linkedin.com\/company\/the-people's-mosquito-ltd","https:\/\/www.youtube.com\/user\/PeoplesMosquito"]}]}},"_links":{"self":[{"href":"https:\/\/www.peoplesmosquito.org.uk\/store\/wp-json\/wp\/v2\/product\/7027","targetHints":{"allow":["GET"]}}],"collection":[{"href":"https:\/\/www.peoplesmosquito.org.uk\/store\/wp-json\/wp\/v2\/product"}],"about":[{"href":"https:\/\/www.peoplesmosquito.org.uk\/store\/wp-json\/wp\/v2\/types\/product"}],"replies":[{"embeddable":true,"href":"https:\/\/www.peoplesmosquito.org.uk\/store\/wp-json\/wp\/v2\/comments?post=7027"}],"wp:featuredmedia":[{"embeddable":true,"href":"https:\/\/www.peoplesmosquito.org.uk\/store\/wp-json\/wp\/v2\/media\/7014"}],"wp:attachment":[{"href":"https:\/\/www.peoplesmosquito.org.uk\/store\/wp-json\/wp\/v2\/media?parent=7027"}],"wp:term":[{"taxonomy":"product_brand","embeddable":true,"href":"https:\/\/www.peoplesmosquito.org.uk\/store\/wp-json\/wp\/v2\/product_brand?post=7027"},{"taxonomy":"product_cat","embeddable":true,"href":"https:\/\/www.peoplesmosquito.org.uk\/store\/wp-json\/wp\/v2\/product_cat?post=7027"},{"taxonomy":"product_tag","embeddable":true,"href":"https:\/\/www.peoplesmosquito.org.uk\/store\/wp-json\/wp\/v2\/product_tag?post=7027"}],"curies":[{"name":"wp","href":"https:\/\/api.w.org\/{rel}","templated":true}]}}