{"id":7023,"date":"2024-11-23T10:57:59","date_gmt":"2024-11-23T10:57:59","guid":{"rendered":"https:\/\/www.peoplesmosquito.org.uk\/store\/?post_type=product&#038;p=7023"},"modified":"2026-02-21T19:16:59","modified_gmt":"2026-02-21T19:16:59","slug":"__trashed","status":"publish","type":"product","link":"https:\/\/www.peoplesmosquito.org.uk\/store\/product\/__trashed\/","title":{"rendered":"&#8216;SUNSET RANGERS&#8217; By Simon Atack"},"content":{"rendered":"<p><strong>&#8211; SUNSET RANGERS &#8211;<\/strong><\/p>\n<p>The operational roles of \u201cDay Ranger\u201d and \u201cIntruder\u201d were to define the outstanding capabilities of both the deHavilland Mosquito fighter bomber and its courageous aircrews. Often as either a single Mosquito or in a pair, they flew at low level under enemy radar across the north sea to locate enemy airfields and other targets over occupied France, Holland as far afield as Poland and the Balkans. Destroying Luftwaffe fighters and bombers both on the ground and in the air.<\/p>\n<p>418 (City of Edmonton) Squadron RCAF were among the pioneers of 2nd TAF. Mosquito Ranger and Intruder operations and the painting illustrates two of this squadron\u2019s outstanding Mosquito Aces flying a sunset Ranger mission in support of Overlord June 1944.<\/p>\n<p>FBV1 NS850\/TH-M \u201cBlack Rufe\u201d is flown by Flt lt, (acting Sqn Leader) Robert Allan Kipp DFC RCAF and his Navigator Fg.Off. Peter Huletsky DFC and Bar. RCAF.\u00a0Behind them is FBV1 \u201cHairless Joe\u201d HR147\/TH-Z flown by Sqn Ldr Russ Bannock DFC RCAF and his Navigator Fg Off. Bobbie Bruce DFC RCAF.<\/p>\n<p>This wonderful piece of Mosquito artwork is available in 3 versions<\/p>\n<ul>\n<li>30&#8243; x 40&#8243; Gicl\u00e9e Canvas Prints &#8211; Limited to 200 Prints<\/li>\n<li>33&#8243; x 26.5&#8243; Gicl\u00e9e Paper Prints &#8211; Limited to 400 Prints<\/li>\n<li>33&#8243; x 26.5&#8243; Single Remarque Gicl\u00e9e Paper Prints &#8211; Limited to 50 Prints<\/li>\n<\/ul>\n<p>All prints are signed and numbered by Simon, include a Certificate of Authenticity and the back story behind the painting.<\/p>\n<p>These superb quality Simon Atack prints will be dispatched directly to you from Simon Atack.<\/p>\n","protected":false},"excerpt":{"rendered":"<p><strong>&#8211; SUNSET RANGERS by Simon Atack-<\/strong><\/p>\n<p>This wonderful piece of Mosquito artwork is available in 3 versions<\/p>\n<ul>\n<li>30&#8243; x 40&#8243; Gicl\u00e9e Canvas Prints &#8211; Limited to 200 Prints<\/li>\n<li>33&#8243; x 26.5&#8243; Gicl\u00e9e Paper Prints &#8211; Limited to 400 Prints<\/li>\n<li>33&#8243; x 26.5&#8243; Single Remarque Gicl\u00e9e Paper Prints &#8211; Limited to 50 Prints<\/li>\n<\/ul>\n<p>All prints are signed and numbered by Simon, include a Certificate of Authenticity and the back story behind the painting.<\/p>\n<p>These superb quality Simon Atack prints will be dispatched directly to you from Simon Atack.<\/p>\n<p>See below for full description.<\/p>\n","protected":false},"featured_media":7013,"comment_status":"open","ping_status":"closed","template":"","meta":[],"product_brand":[],"product_cat":[112,318],"product_tag":[328,283,244,329,327],"class_list":{"0":"post-7023","1":"product","2":"type-product","3":"status-publish","4":"has-post-thumbnail","6":"product_cat-prints","7":"product_cat-simon-atack-artwork","8":"product_tag-limited-edition-prints","9":"product_tag-mosquito-artwork","10":"product_tag-mosquito-print","11":"product_tag-prints","12":"product_tag-simon-atack","13":"product_shipping_class-std","15":"first","16":"instock","17":"featured","18":"shipping-taxable","19":"purchasable","20":"product-type-variable"},"supplier_id":null,"supplier_sku":"","barcode":null,"atum_controlled":true,"out_stock_date":null,"out_stock_threshold":null,"inheritable":true,"inbound_stock":null,"stock_on_hold":0,"sold_today":0,"sales_last_days":0,"reserved_stock":null,"customer_returns":null,"warehouse_damage":null,"lost_in_post":null,"other_logs":null,"out_stock_days":0,"lost_sales":0,"has_location":false,"update_date":"2026-04-30T01:29:47","atum_locations":[],"atum_stock_status":"instock","restock_status":false,"low_stock_amount":"","sales_update_date":"2026-04-30T01:29:47","calc_backorders":null,"yoast_head":"<!-- This site is optimized with the Yoast SEO plugin v27.5 - https:\/\/yoast.com\/product\/yoast-seo-wordpress\/ -->\n<title>&#039;SUNSET RANGERS&#039; By Simon Atack - The Peoples Mosquito Store<\/title>\n<meta name=\"robots\" content=\"index, follow, max-snippet:-1, max-image-preview:large, max-video-preview:-1\" \/>\n<link rel=\"canonical\" href=\"https:\/\/www.peoplesmosquito.org.uk\/store\/product\/__trashed\/\" \/>\n<meta property=\"og:locale\" content=\"en_GB\" \/>\n<meta property=\"og:type\" content=\"article\" \/>\n<meta property=\"og:title\" content=\"&#039;SUNSET RANGERS&#039; By Simon Atack - The Peoples Mosquito Store\" \/>\n<meta property=\"og:description\" content=\"- SUNSET RANGERS by Simon Atack-  This wonderful piece of Mosquito artwork is available in 3 versions   30&quot; x 40&quot; Gicl\u00e9e Canvas Prints - Limited to 200 Prints  33&quot; x 26.5&quot; Gicl\u00e9e Paper Prints - Limited to 400 Prints  33&quot; x 26.5&quot; Single Remarque Gicl\u00e9e Paper Prints - Limited to 50 Prints  All prints are signed and numbered by Simon, include a Certificate of Authenticity and the back story behind the painting.  These superb quality Simon Atack prints will be dispatched directly to you from Simon Atack.  See below for full description.\" \/>\n<meta property=\"og:url\" content=\"https:\/\/www.peoplesmosquito.org.uk\/store\/product\/__trashed\/\" \/>\n<meta property=\"og:site_name\" content=\"The Peoples Mosquito Store\" \/>\n<meta property=\"article:publisher\" content=\"https:\/\/www.facebook.com\/peoplesmosquito\" \/>\n<meta property=\"article:modified_time\" content=\"2026-02-21T19:16:59+00:00\" \/>\n<meta property=\"og:image\" content=\"https:\/\/www.peoplesmosquito.org.uk\/store\/wp-content\/uploads\/2024\/11\/Sunset-Rangers.jpg\" \/>\n\t<meta property=\"og:image:width\" content=\"1000\" \/>\n\t<meta property=\"og:image:height\" content=\"746\" \/>\n\t<meta property=\"og:image:type\" content=\"image\/jpeg\" \/>\n<meta name=\"twitter:card\" content=\"summary_large_image\" \/>\n<meta name=\"twitter:site\" content=\"@peoplesmosquito\" \/>\n<meta name=\"twitter:label1\" content=\"Estimated reading time\" \/>\n\t<meta name=\"twitter:data1\" content=\"2 minutes\" \/>\n<script type=\"application\/ld+json\" class=\"yoast-schema-graph\">{\"@context\":\"https:\\\/\\\/schema.org\",\"@graph\":[{\"@type\":\"WebPage\",\"@id\":\"https:\\\/\\\/www.peoplesmosquito.org.uk\\\/store\\\/product\\\/__trashed\\\/\",\"url\":\"https:\\\/\\\/www.peoplesmosquito.org.uk\\\/store\\\/product\\\/__trashed\\\/\",\"name\":\"'SUNSET RANGERS' By Simon Atack - The Peoples Mosquito Store\",\"isPartOf\":{\"@id\":\"https:\\\/\\\/www.peoplesmosquito.org.uk\\\/store\\\/#website\"},\"primaryImageOfPage\":{\"@id\":\"https:\\\/\\\/www.peoplesmosquito.org.uk\\\/store\\\/product\\\/__trashed\\\/#primaryimage\"},\"image\":{\"@id\":\"https:\\\/\\\/www.peoplesmosquito.org.uk\\\/store\\\/product\\\/__trashed\\\/#primaryimage\"},\"thumbnailUrl\":\"https:\\\/\\\/www.peoplesmosquito.org.uk\\\/store\\\/wp-content\\\/uploads\\\/2024\\\/11\\\/Sunset-Rangers.jpg\",\"datePublished\":\"2024-11-23T10:57:59+00:00\",\"dateModified\":\"2026-02-21T19:16:59+00:00\",\"breadcrumb\":{\"@id\":\"https:\\\/\\\/www.peoplesmosquito.org.uk\\\/store\\\/product\\\/__trashed\\\/#breadcrumb\"},\"inLanguage\":\"en-GB\",\"potentialAction\":[{\"@type\":\"ReadAction\",\"target\":[\"https:\\\/\\\/www.peoplesmosquito.org.uk\\\/store\\\/product\\\/__trashed\\\/\"]}]},{\"@type\":\"ImageObject\",\"inLanguage\":\"en-GB\",\"@id\":\"https:\\\/\\\/www.peoplesmosquito.org.uk\\\/store\\\/product\\\/__trashed\\\/#primaryimage\",\"url\":\"https:\\\/\\\/www.peoplesmosquito.org.uk\\\/store\\\/wp-content\\\/uploads\\\/2024\\\/11\\\/Sunset-Rangers.jpg\",\"contentUrl\":\"https:\\\/\\\/www.peoplesmosquito.org.uk\\\/store\\\/wp-content\\\/uploads\\\/2024\\\/11\\\/Sunset-Rangers.jpg\",\"width\":1000,\"height\":746,\"caption\":\"Sunset Rangers by Simon Atack\"},{\"@type\":\"BreadcrumbList\",\"@id\":\"https:\\\/\\\/www.peoplesmosquito.org.uk\\\/store\\\/product\\\/__trashed\\\/#breadcrumb\",\"itemListElement\":[{\"@type\":\"ListItem\",\"position\":1,\"name\":\"Home\",\"item\":\"https:\\\/\\\/www.peoplesmosquito.org.uk\\\/store\\\/\"},{\"@type\":\"ListItem\",\"position\":2,\"name\":\"All Products\",\"item\":\"https:\\\/\\\/www.peoplesmosquito.org.uk\\\/store\\\/shop\\\/\"},{\"@type\":\"ListItem\",\"position\":3,\"name\":\"&#8216;SUNSET RANGERS&#8217; By Simon Atack\"}]},{\"@type\":\"WebSite\",\"@id\":\"https:\\\/\\\/www.peoplesmosquito.org.uk\\\/store\\\/#website\",\"url\":\"https:\\\/\\\/www.peoplesmosquito.org.uk\\\/store\\\/\",\"name\":\"The Peoples Mosquito Store\",\"description\":\"To Fly ~ To Educate ~ To Remember\",\"publisher\":{\"@id\":\"https:\\\/\\\/www.peoplesmosquito.org.uk\\\/store\\\/#organization\"},\"potentialAction\":[{\"@type\":\"SearchAction\",\"target\":{\"@type\":\"EntryPoint\",\"urlTemplate\":\"https:\\\/\\\/www.peoplesmosquito.org.uk\\\/store\\\/?s={search_term_string}\"},\"query-input\":{\"@type\":\"PropertyValueSpecification\",\"valueRequired\":true,\"valueName\":\"search_term_string\"}}],\"inLanguage\":\"en-GB\"},{\"@type\":\"Organization\",\"@id\":\"https:\\\/\\\/www.peoplesmosquito.org.uk\\\/store\\\/#organization\",\"name\":\"The People's Mosquito Ltd\",\"url\":\"https:\\\/\\\/www.peoplesmosquito.org.uk\\\/store\\\/\",\"logo\":{\"@type\":\"ImageObject\",\"inLanguage\":\"en-GB\",\"@id\":\"https:\\\/\\\/www.peoplesmosquito.org.uk\\\/store\\\/#\\\/schema\\\/logo\\\/image\\\/\",\"url\":\"https:\\\/\\\/www.peoplesmosquito.org.uk\\\/store\\\/wp-content\\\/uploads\\\/2017\\\/01\\\/cropped-header_bg_1700x544-1.jpg\",\"contentUrl\":\"https:\\\/\\\/www.peoplesmosquito.org.uk\\\/store\\\/wp-content\\\/uploads\\\/2017\\\/01\\\/cropped-header_bg_1700x544-1.jpg\",\"width\":1700,\"height\":278,\"caption\":\"The People's Mosquito Ltd\"},\"image\":{\"@id\":\"https:\\\/\\\/www.peoplesmosquito.org.uk\\\/store\\\/#\\\/schema\\\/logo\\\/image\\\/\"},\"sameAs\":[\"https:\\\/\\\/www.facebook.com\\\/peoplesmosquito\",\"https:\\\/\\\/x.com\\\/peoplesmosquito\",\"https:\\\/\\\/www.instagram.com\\\/thepeoplesmosquito\\\/\",\"https:\\\/\\\/www.linkedin.com\\\/company\\\/the-people's-mosquito-ltd\",\"https:\\\/\\\/www.youtube.com\\\/user\\\/PeoplesMosquito\"]}]}<\/script>\n<!-- \/ Yoast SEO plugin. -->","yoast_head_json":{"title":"'SUNSET RANGERS' By Simon Atack - The Peoples Mosquito Store","robots":{"index":"index","follow":"follow","max-snippet":"max-snippet:-1","max-image-preview":"max-image-preview:large","max-video-preview":"max-video-preview:-1"},"canonical":"https:\/\/www.peoplesmosquito.org.uk\/store\/product\/__trashed\/","og_locale":"en_GB","og_type":"article","og_title":"'SUNSET RANGERS' By Simon Atack - The Peoples Mosquito Store","og_description":"- SUNSET RANGERS by Simon Atack-  This wonderful piece of Mosquito artwork is available in 3 versions   30\" x 40\" Gicl\u00e9e Canvas Prints - Limited to 200 Prints  33\" x 26.5\" Gicl\u00e9e Paper Prints - Limited to 400 Prints  33\" x 26.5\" Single Remarque Gicl\u00e9e Paper Prints - Limited to 50 Prints  All prints are signed and numbered by Simon, include a Certificate of Authenticity and the back story behind the painting.  These superb quality Simon Atack prints will be dispatched directly to you from Simon Atack.  See below for full description.","og_url":"https:\/\/www.peoplesmosquito.org.uk\/store\/product\/__trashed\/","og_site_name":"The Peoples Mosquito Store","article_publisher":"https:\/\/www.facebook.com\/peoplesmosquito","article_modified_time":"2026-02-21T19:16:59+00:00","og_image":[{"width":1000,"height":746,"url":"https:\/\/www.peoplesmosquito.org.uk\/store\/wp-content\/uploads\/2024\/11\/Sunset-Rangers.jpg","type":"image\/jpeg"}],"twitter_card":"summary_large_image","twitter_site":"@peoplesmosquito","twitter_misc":{"Estimated reading time":"2 minutes"},"schema":{"@context":"https:\/\/schema.org","@graph":[{"@type":"WebPage","@id":"https:\/\/www.peoplesmosquito.org.uk\/store\/product\/__trashed\/","url":"https:\/\/www.peoplesmosquito.org.uk\/store\/product\/__trashed\/","name":"'SUNSET RANGERS' By Simon Atack - The Peoples Mosquito Store","isPartOf":{"@id":"https:\/\/www.peoplesmosquito.org.uk\/store\/#website"},"primaryImageOfPage":{"@id":"https:\/\/www.peoplesmosquito.org.uk\/store\/product\/__trashed\/#primaryimage"},"image":{"@id":"https:\/\/www.peoplesmosquito.org.uk\/store\/product\/__trashed\/#primaryimage"},"thumbnailUrl":"https:\/\/www.peoplesmosquito.org.uk\/store\/wp-content\/uploads\/2024\/11\/Sunset-Rangers.jpg","datePublished":"2024-11-23T10:57:59+00:00","dateModified":"2026-02-21T19:16:59+00:00","breadcrumb":{"@id":"https:\/\/www.peoplesmosquito.org.uk\/store\/product\/__trashed\/#breadcrumb"},"inLanguage":"en-GB","potentialAction":[{"@type":"ReadAction","target":["https:\/\/www.peoplesmosquito.org.uk\/store\/product\/__trashed\/"]}]},{"@type":"ImageObject","inLanguage":"en-GB","@id":"https:\/\/www.peoplesmosquito.org.uk\/store\/product\/__trashed\/#primaryimage","url":"https:\/\/www.peoplesmosquito.org.uk\/store\/wp-content\/uploads\/2024\/11\/Sunset-Rangers.jpg","contentUrl":"https:\/\/www.peoplesmosquito.org.uk\/store\/wp-content\/uploads\/2024\/11\/Sunset-Rangers.jpg","width":1000,"height":746,"caption":"Sunset Rangers by Simon Atack"},{"@type":"BreadcrumbList","@id":"https:\/\/www.peoplesmosquito.org.uk\/store\/product\/__trashed\/#breadcrumb","itemListElement":[{"@type":"ListItem","position":1,"name":"Home","item":"https:\/\/www.peoplesmosquito.org.uk\/store\/"},{"@type":"ListItem","position":2,"name":"All Products","item":"https:\/\/www.peoplesmosquito.org.uk\/store\/shop\/"},{"@type":"ListItem","position":3,"name":"&#8216;SUNSET RANGERS&#8217; By Simon Atack"}]},{"@type":"WebSite","@id":"https:\/\/www.peoplesmosquito.org.uk\/store\/#website","url":"https:\/\/www.peoplesmosquito.org.uk\/store\/","name":"The Peoples Mosquito Store","description":"To Fly ~ To Educate ~ To Remember","publisher":{"@id":"https:\/\/www.peoplesmosquito.org.uk\/store\/#organization"},"potentialAction":[{"@type":"SearchAction","target":{"@type":"EntryPoint","urlTemplate":"https:\/\/www.peoplesmosquito.org.uk\/store\/?s={search_term_string}"},"query-input":{"@type":"PropertyValueSpecification","valueRequired":true,"valueName":"search_term_string"}}],"inLanguage":"en-GB"},{"@type":"Organization","@id":"https:\/\/www.peoplesmosquito.org.uk\/store\/#organization","name":"The People's Mosquito Ltd","url":"https:\/\/www.peoplesmosquito.org.uk\/store\/","logo":{"@type":"ImageObject","inLanguage":"en-GB","@id":"https:\/\/www.peoplesmosquito.org.uk\/store\/#\/schema\/logo\/image\/","url":"https:\/\/www.peoplesmosquito.org.uk\/store\/wp-content\/uploads\/2017\/01\/cropped-header_bg_1700x544-1.jpg","contentUrl":"https:\/\/www.peoplesmosquito.org.uk\/store\/wp-content\/uploads\/2017\/01\/cropped-header_bg_1700x544-1.jpg","width":1700,"height":278,"caption":"The People's Mosquito Ltd"},"image":{"@id":"https:\/\/www.peoplesmosquito.org.uk\/store\/#\/schema\/logo\/image\/"},"sameAs":["https:\/\/www.facebook.com\/peoplesmosquito","https:\/\/x.com\/peoplesmosquito","https:\/\/www.instagram.com\/thepeoplesmosquito\/","https:\/\/www.linkedin.com\/company\/the-people's-mosquito-ltd","https:\/\/www.youtube.com\/user\/PeoplesMosquito"]}]}},"_links":{"self":[{"href":"https:\/\/www.peoplesmosquito.org.uk\/store\/wp-json\/wp\/v2\/product\/7023","targetHints":{"allow":["GET"]}}],"collection":[{"href":"https:\/\/www.peoplesmosquito.org.uk\/store\/wp-json\/wp\/v2\/product"}],"about":[{"href":"https:\/\/www.peoplesmosquito.org.uk\/store\/wp-json\/wp\/v2\/types\/product"}],"replies":[{"embeddable":true,"href":"https:\/\/www.peoplesmosquito.org.uk\/store\/wp-json\/wp\/v2\/comments?post=7023"}],"wp:featuredmedia":[{"embeddable":true,"href":"https:\/\/www.peoplesmosquito.org.uk\/store\/wp-json\/wp\/v2\/media\/7013"}],"wp:attachment":[{"href":"https:\/\/www.peoplesmosquito.org.uk\/store\/wp-json\/wp\/v2\/media?parent=7023"}],"wp:term":[{"taxonomy":"product_brand","embeddable":true,"href":"https:\/\/www.peoplesmosquito.org.uk\/store\/wp-json\/wp\/v2\/product_brand?post=7023"},{"taxonomy":"product_cat","embeddable":true,"href":"https:\/\/www.peoplesmosquito.org.uk\/store\/wp-json\/wp\/v2\/product_cat?post=7023"},{"taxonomy":"product_tag","embeddable":true,"href":"https:\/\/www.peoplesmosquito.org.uk\/store\/wp-json\/wp\/v2\/product_tag?post=7023"}],"curies":[{"name":"wp","href":"https:\/\/api.w.org\/{rel}","templated":true}]}}