{"id":7018,"date":"2024-11-23T10:44:17","date_gmt":"2024-11-23T10:44:17","guid":{"rendered":"https:\/\/www.peoplesmosquito.org.uk\/store\/?post_type=product&#038;p=7018"},"modified":"2026-02-21T19:17:04","modified_gmt":"2026-02-21T19:17:04","slug":"on-the-wings-of-the-storm-by-simon-atack-prints","status":"publish","type":"product","link":"https:\/\/www.peoplesmosquito.org.uk\/store\/product\/on-the-wings-of-the-storm-by-simon-atack-prints\/","title":{"rendered":"&#8216;ON THE WINGS OF THE STORM&#8217; By Simon Atack"},"content":{"rendered":"<p><strong>&#8211; ON THE WINGS OF THE STORM &#8211;<\/strong><\/p>\n<p>\u201cThe Mosquito had a big impact on me as a young lad after seeing the movie \u201c633 Squadron\u201d and its famous 6-3-time theme music written by the late, great Ron Goodwin. I have forever thought of this fabulous aircraft with low, fast flight over water and its own theme tune! Now, as a grown-up, I still love the movie and the Mosquito is as potently beautiful as ever she was.<\/p>\n<p>I wanted to show this magnificent aircraft, made of natural, organic materials within an elemental setting, away from an obvious combat zone. That\u2019s for another painting! And to focus on its aesthetic beauty and pure flying capability\u201d.<\/p>\n<p>Having previously operated Blenheim IVs, 105 Sqn was the first unit to receive the Mosquito.\u00a0 During the Command of Wing Commander John De Lacy Wooldridge DSO DFC &amp; Bar DFM it gained a colourful appearance with Disney cartoon characters and progressive \u2018Ops\u2019 mission marks for its nose art and a continuing reputation for excellence in the low level precision strike role for which the aircraft would become legendary.<\/p>\n<p>\u201cI chose the rugged coastline of north-western Scotland as a setting where the unit carried out many training and low-level practice sorties. This gives a stark background of elemental forces, winds and flying spray, to contrast with the elegant line of the Mosquito IV bombers of this Squadron. A scene many a Mosquito pilot and navigator would recognise immediately.<br \/>\nAs a former RAF serviceman turned artist and a musician myself, John De Lacy Wooldridge\u2019s character appeals to me too\u201d.<\/p>\n<p>This wonderful piece of Mosquito artwork is available in 3 versions<\/p>\n<ul>\n<li>30&#8243; x 40&#8243; Gicl\u00e9e Canvas Prints &#8211; Limited to 200 Prints<\/li>\n<li>24&#8243; x 33&#8243; Gicl\u00e9e Paper Prints &#8211; Limited to 400 Prints<\/li>\n<li>24&#8243; x 33&#8243; Single Remarque Gicl\u00e9e Paper Prints &#8211; Limited to 50 Prints<\/li>\n<\/ul>\n<p>All prints are signed and numbered by Simon, include a Certificate of Authenticity and the back story behind the painting.<\/p>\n<p>These superb quality Simon Atack prints will be dispatched directly to you from Simon Atack.<\/p>\n","protected":false},"excerpt":{"rendered":"<p><strong>&#8211; ON THE WINGS OF THE STORM By Simon Atack &#8211;\u00a0<\/strong><\/p>\n<p>This wonderful piece of Mosquito artwork is available in 3 versions<\/p>\n<ul>\n<li>30&#8243; x 40&#8243; Gicl\u00e9e Canvas Prints &#8211; Limited to 200 Prints<\/li>\n<li>24&#8243; x 33&#8243; Gicl\u00e9e Paper Prints &#8211; Limited to 400 Prints<\/li>\n<li>24&#8243; x 33&#8243; Single Remarque Gicl\u00e9e Paper Prints &#8211; Limited to 50 Prints<\/li>\n<\/ul>\n<p>All prints are signed and numbered by Simon, include a Certificate of Authenticity and the back story behind the painting.<\/p>\n<p>These superb quality Simon Atack prints will be dispatched directly to you from Simon Atack.<\/p>\n<p>See below for full description.<\/p>\n","protected":false},"featured_media":7012,"comment_status":"open","ping_status":"closed","template":"","meta":[],"product_brand":[],"product_cat":[112,318],"product_tag":[328,283,244,329,327],"class_list":{"0":"post-7018","1":"product","2":"type-product","3":"status-publish","4":"has-post-thumbnail","6":"product_cat-prints","7":"product_cat-simon-atack-artwork","8":"product_tag-limited-edition-prints","9":"product_tag-mosquito-artwork","10":"product_tag-mosquito-print","11":"product_tag-prints","12":"product_tag-simon-atack","13":"product_shipping_class-std","15":"first","16":"instock","17":"featured","18":"shipping-taxable","19":"purchasable","20":"product-type-variable"},"supplier_id":null,"supplier_sku":"","barcode":null,"atum_controlled":true,"out_stock_date":null,"out_stock_threshold":null,"inheritable":true,"inbound_stock":null,"stock_on_hold":0,"sold_today":0,"sales_last_days":0,"reserved_stock":null,"customer_returns":null,"warehouse_damage":null,"lost_in_post":null,"other_logs":null,"out_stock_days":0,"lost_sales":0,"has_location":false,"update_date":"2026-04-16T00:46:06","atum_locations":[],"atum_stock_status":"instock","restock_status":false,"low_stock_amount":"","sales_update_date":"2026-04-16T00:46:06","calc_backorders":null,"yoast_head":"<!-- This site is optimized with the Yoast SEO plugin v27.4 - https:\/\/yoast.com\/product\/yoast-seo-wordpress\/ -->\n<title>&#039;ON THE WINGS OF THE STORM&#039; By Simon Atack - The Peoples Mosquito Store<\/title>\n<meta name=\"robots\" content=\"index, follow, max-snippet:-1, max-image-preview:large, max-video-preview:-1\" \/>\n<link rel=\"canonical\" href=\"https:\/\/www.peoplesmosquito.org.uk\/store\/product\/on-the-wings-of-the-storm-by-simon-atack-prints\/\" \/>\n<meta property=\"og:locale\" content=\"en_GB\" \/>\n<meta property=\"og:type\" content=\"article\" \/>\n<meta property=\"og:title\" content=\"&#039;ON THE WINGS OF THE STORM&#039; By Simon Atack - The Peoples Mosquito Store\" \/>\n<meta property=\"og:description\" content=\"- ON THE WINGS OF THE STORM By Simon Atack -\u00a0  This wonderful piece of Mosquito artwork is available in 3 versions   30&quot; x 40&quot; Gicl\u00e9e Canvas Prints - Limited to 200 Prints  24&quot; x 33&quot; Gicl\u00e9e Paper Prints - Limited to 400 Prints  24&quot; x 33&quot; Single Remarque Gicl\u00e9e Paper Prints - Limited to 50 Prints  All prints are signed and numbered by Simon, include a Certificate of Authenticity and the back story behind the painting.  These superb quality Simon Atack prints will be dispatched directly to you from Simon Atack.  See below for full description.\" \/>\n<meta property=\"og:url\" content=\"https:\/\/www.peoplesmosquito.org.uk\/store\/product\/on-the-wings-of-the-storm-by-simon-atack-prints\/\" \/>\n<meta property=\"og:site_name\" content=\"The Peoples Mosquito Store\" \/>\n<meta property=\"article:publisher\" content=\"https:\/\/www.facebook.com\/peoplesmosquito\" \/>\n<meta property=\"article:modified_time\" content=\"2026-02-21T19:17:04+00:00\" \/>\n<meta property=\"og:image\" content=\"https:\/\/www.peoplesmosquito.org.uk\/store\/wp-content\/uploads\/2024\/11\/On-the-Wings-of-the-Storm.jpg\" \/>\n\t<meta property=\"og:image:width\" content=\"640\" \/>\n\t<meta property=\"og:image:height\" content=\"413\" \/>\n\t<meta property=\"og:image:type\" content=\"image\/jpeg\" \/>\n<meta name=\"twitter:card\" content=\"summary_large_image\" \/>\n<meta name=\"twitter:site\" content=\"@peoplesmosquito\" \/>\n<meta name=\"twitter:label1\" content=\"Estimated reading time\" \/>\n\t<meta name=\"twitter:data1\" content=\"2 minutes\" \/>\n<script type=\"application\/ld+json\" class=\"yoast-schema-graph\">{\"@context\":\"https:\\\/\\\/schema.org\",\"@graph\":[{\"@type\":\"WebPage\",\"@id\":\"https:\\\/\\\/www.peoplesmosquito.org.uk\\\/store\\\/product\\\/on-the-wings-of-the-storm-by-simon-atack-prints\\\/\",\"url\":\"https:\\\/\\\/www.peoplesmosquito.org.uk\\\/store\\\/product\\\/on-the-wings-of-the-storm-by-simon-atack-prints\\\/\",\"name\":\"'ON THE WINGS OF THE STORM' By Simon Atack - The Peoples Mosquito Store\",\"isPartOf\":{\"@id\":\"https:\\\/\\\/www.peoplesmosquito.org.uk\\\/store\\\/#website\"},\"primaryImageOfPage\":{\"@id\":\"https:\\\/\\\/www.peoplesmosquito.org.uk\\\/store\\\/product\\\/on-the-wings-of-the-storm-by-simon-atack-prints\\\/#primaryimage\"},\"image\":{\"@id\":\"https:\\\/\\\/www.peoplesmosquito.org.uk\\\/store\\\/product\\\/on-the-wings-of-the-storm-by-simon-atack-prints\\\/#primaryimage\"},\"thumbnailUrl\":\"https:\\\/\\\/www.peoplesmosquito.org.uk\\\/store\\\/wp-content\\\/uploads\\\/2024\\\/11\\\/On-the-Wings-of-the-Storm.jpg\",\"datePublished\":\"2024-11-23T10:44:17+00:00\",\"dateModified\":\"2026-02-21T19:17:04+00:00\",\"breadcrumb\":{\"@id\":\"https:\\\/\\\/www.peoplesmosquito.org.uk\\\/store\\\/product\\\/on-the-wings-of-the-storm-by-simon-atack-prints\\\/#breadcrumb\"},\"inLanguage\":\"en-GB\",\"potentialAction\":[{\"@type\":\"ReadAction\",\"target\":[\"https:\\\/\\\/www.peoplesmosquito.org.uk\\\/store\\\/product\\\/on-the-wings-of-the-storm-by-simon-atack-prints\\\/\"]}]},{\"@type\":\"ImageObject\",\"inLanguage\":\"en-GB\",\"@id\":\"https:\\\/\\\/www.peoplesmosquito.org.uk\\\/store\\\/product\\\/on-the-wings-of-the-storm-by-simon-atack-prints\\\/#primaryimage\",\"url\":\"https:\\\/\\\/www.peoplesmosquito.org.uk\\\/store\\\/wp-content\\\/uploads\\\/2024\\\/11\\\/On-the-Wings-of-the-Storm.jpg\",\"contentUrl\":\"https:\\\/\\\/www.peoplesmosquito.org.uk\\\/store\\\/wp-content\\\/uploads\\\/2024\\\/11\\\/On-the-Wings-of-the-Storm.jpg\",\"width\":640,\"height\":413,\"caption\":\"On the wing of the storm Simon Atack\"},{\"@type\":\"BreadcrumbList\",\"@id\":\"https:\\\/\\\/www.peoplesmosquito.org.uk\\\/store\\\/product\\\/on-the-wings-of-the-storm-by-simon-atack-prints\\\/#breadcrumb\",\"itemListElement\":[{\"@type\":\"ListItem\",\"position\":1,\"name\":\"Home\",\"item\":\"https:\\\/\\\/www.peoplesmosquito.org.uk\\\/store\\\/\"},{\"@type\":\"ListItem\",\"position\":2,\"name\":\"All Products\",\"item\":\"https:\\\/\\\/www.peoplesmosquito.org.uk\\\/store\\\/shop\\\/\"},{\"@type\":\"ListItem\",\"position\":3,\"name\":\"&#8216;ON THE WINGS OF THE STORM&#8217; By Simon Atack\"}]},{\"@type\":\"WebSite\",\"@id\":\"https:\\\/\\\/www.peoplesmosquito.org.uk\\\/store\\\/#website\",\"url\":\"https:\\\/\\\/www.peoplesmosquito.org.uk\\\/store\\\/\",\"name\":\"The Peoples Mosquito Store\",\"description\":\"To Fly ~ To Educate ~ To Remember\",\"publisher\":{\"@id\":\"https:\\\/\\\/www.peoplesmosquito.org.uk\\\/store\\\/#organization\"},\"potentialAction\":[{\"@type\":\"SearchAction\",\"target\":{\"@type\":\"EntryPoint\",\"urlTemplate\":\"https:\\\/\\\/www.peoplesmosquito.org.uk\\\/store\\\/?s={search_term_string}\"},\"query-input\":{\"@type\":\"PropertyValueSpecification\",\"valueRequired\":true,\"valueName\":\"search_term_string\"}}],\"inLanguage\":\"en-GB\"},{\"@type\":\"Organization\",\"@id\":\"https:\\\/\\\/www.peoplesmosquito.org.uk\\\/store\\\/#organization\",\"name\":\"The People's Mosquito Ltd\",\"url\":\"https:\\\/\\\/www.peoplesmosquito.org.uk\\\/store\\\/\",\"logo\":{\"@type\":\"ImageObject\",\"inLanguage\":\"en-GB\",\"@id\":\"https:\\\/\\\/www.peoplesmosquito.org.uk\\\/store\\\/#\\\/schema\\\/logo\\\/image\\\/\",\"url\":\"https:\\\/\\\/www.peoplesmosquito.org.uk\\\/store\\\/wp-content\\\/uploads\\\/2017\\\/01\\\/cropped-header_bg_1700x544-1.jpg\",\"contentUrl\":\"https:\\\/\\\/www.peoplesmosquito.org.uk\\\/store\\\/wp-content\\\/uploads\\\/2017\\\/01\\\/cropped-header_bg_1700x544-1.jpg\",\"width\":1700,\"height\":278,\"caption\":\"The People's Mosquito Ltd\"},\"image\":{\"@id\":\"https:\\\/\\\/www.peoplesmosquito.org.uk\\\/store\\\/#\\\/schema\\\/logo\\\/image\\\/\"},\"sameAs\":[\"https:\\\/\\\/www.facebook.com\\\/peoplesmosquito\",\"https:\\\/\\\/x.com\\\/peoplesmosquito\",\"https:\\\/\\\/www.instagram.com\\\/thepeoplesmosquito\\\/\",\"https:\\\/\\\/www.linkedin.com\\\/company\\\/the-people's-mosquito-ltd\",\"https:\\\/\\\/www.youtube.com\\\/user\\\/PeoplesMosquito\"]}]}<\/script>\n<!-- \/ Yoast SEO plugin. -->","yoast_head_json":{"title":"'ON THE WINGS OF THE STORM' By Simon Atack - The Peoples Mosquito Store","robots":{"index":"index","follow":"follow","max-snippet":"max-snippet:-1","max-image-preview":"max-image-preview:large","max-video-preview":"max-video-preview:-1"},"canonical":"https:\/\/www.peoplesmosquito.org.uk\/store\/product\/on-the-wings-of-the-storm-by-simon-atack-prints\/","og_locale":"en_GB","og_type":"article","og_title":"'ON THE WINGS OF THE STORM' By Simon Atack - The Peoples Mosquito Store","og_description":"- ON THE WINGS OF THE STORM By Simon Atack -\u00a0  This wonderful piece of Mosquito artwork is available in 3 versions   30\" x 40\" Gicl\u00e9e Canvas Prints - Limited to 200 Prints  24\" x 33\" Gicl\u00e9e Paper Prints - Limited to 400 Prints  24\" x 33\" Single Remarque Gicl\u00e9e Paper Prints - Limited to 50 Prints  All prints are signed and numbered by Simon, include a Certificate of Authenticity and the back story behind the painting.  These superb quality Simon Atack prints will be dispatched directly to you from Simon Atack.  See below for full description.","og_url":"https:\/\/www.peoplesmosquito.org.uk\/store\/product\/on-the-wings-of-the-storm-by-simon-atack-prints\/","og_site_name":"The Peoples Mosquito Store","article_publisher":"https:\/\/www.facebook.com\/peoplesmosquito","article_modified_time":"2026-02-21T19:17:04+00:00","og_image":[{"width":640,"height":413,"url":"https:\/\/www.peoplesmosquito.org.uk\/store\/wp-content\/uploads\/2024\/11\/On-the-Wings-of-the-Storm.jpg","type":"image\/jpeg"}],"twitter_card":"summary_large_image","twitter_site":"@peoplesmosquito","twitter_misc":{"Estimated reading time":"2 minutes"},"schema":{"@context":"https:\/\/schema.org","@graph":[{"@type":"WebPage","@id":"https:\/\/www.peoplesmosquito.org.uk\/store\/product\/on-the-wings-of-the-storm-by-simon-atack-prints\/","url":"https:\/\/www.peoplesmosquito.org.uk\/store\/product\/on-the-wings-of-the-storm-by-simon-atack-prints\/","name":"'ON THE WINGS OF THE STORM' By Simon Atack - The Peoples Mosquito Store","isPartOf":{"@id":"https:\/\/www.peoplesmosquito.org.uk\/store\/#website"},"primaryImageOfPage":{"@id":"https:\/\/www.peoplesmosquito.org.uk\/store\/product\/on-the-wings-of-the-storm-by-simon-atack-prints\/#primaryimage"},"image":{"@id":"https:\/\/www.peoplesmosquito.org.uk\/store\/product\/on-the-wings-of-the-storm-by-simon-atack-prints\/#primaryimage"},"thumbnailUrl":"https:\/\/www.peoplesmosquito.org.uk\/store\/wp-content\/uploads\/2024\/11\/On-the-Wings-of-the-Storm.jpg","datePublished":"2024-11-23T10:44:17+00:00","dateModified":"2026-02-21T19:17:04+00:00","breadcrumb":{"@id":"https:\/\/www.peoplesmosquito.org.uk\/store\/product\/on-the-wings-of-the-storm-by-simon-atack-prints\/#breadcrumb"},"inLanguage":"en-GB","potentialAction":[{"@type":"ReadAction","target":["https:\/\/www.peoplesmosquito.org.uk\/store\/product\/on-the-wings-of-the-storm-by-simon-atack-prints\/"]}]},{"@type":"ImageObject","inLanguage":"en-GB","@id":"https:\/\/www.peoplesmosquito.org.uk\/store\/product\/on-the-wings-of-the-storm-by-simon-atack-prints\/#primaryimage","url":"https:\/\/www.peoplesmosquito.org.uk\/store\/wp-content\/uploads\/2024\/11\/On-the-Wings-of-the-Storm.jpg","contentUrl":"https:\/\/www.peoplesmosquito.org.uk\/store\/wp-content\/uploads\/2024\/11\/On-the-Wings-of-the-Storm.jpg","width":640,"height":413,"caption":"On the wing of the storm Simon Atack"},{"@type":"BreadcrumbList","@id":"https:\/\/www.peoplesmosquito.org.uk\/store\/product\/on-the-wings-of-the-storm-by-simon-atack-prints\/#breadcrumb","itemListElement":[{"@type":"ListItem","position":1,"name":"Home","item":"https:\/\/www.peoplesmosquito.org.uk\/store\/"},{"@type":"ListItem","position":2,"name":"All Products","item":"https:\/\/www.peoplesmosquito.org.uk\/store\/shop\/"},{"@type":"ListItem","position":3,"name":"&#8216;ON THE WINGS OF THE STORM&#8217; By Simon Atack"}]},{"@type":"WebSite","@id":"https:\/\/www.peoplesmosquito.org.uk\/store\/#website","url":"https:\/\/www.peoplesmosquito.org.uk\/store\/","name":"The Peoples Mosquito Store","description":"To Fly ~ To Educate ~ To Remember","publisher":{"@id":"https:\/\/www.peoplesmosquito.org.uk\/store\/#organization"},"potentialAction":[{"@type":"SearchAction","target":{"@type":"EntryPoint","urlTemplate":"https:\/\/www.peoplesmosquito.org.uk\/store\/?s={search_term_string}"},"query-input":{"@type":"PropertyValueSpecification","valueRequired":true,"valueName":"search_term_string"}}],"inLanguage":"en-GB"},{"@type":"Organization","@id":"https:\/\/www.peoplesmosquito.org.uk\/store\/#organization","name":"The People's Mosquito Ltd","url":"https:\/\/www.peoplesmosquito.org.uk\/store\/","logo":{"@type":"ImageObject","inLanguage":"en-GB","@id":"https:\/\/www.peoplesmosquito.org.uk\/store\/#\/schema\/logo\/image\/","url":"https:\/\/www.peoplesmosquito.org.uk\/store\/wp-content\/uploads\/2017\/01\/cropped-header_bg_1700x544-1.jpg","contentUrl":"https:\/\/www.peoplesmosquito.org.uk\/store\/wp-content\/uploads\/2017\/01\/cropped-header_bg_1700x544-1.jpg","width":1700,"height":278,"caption":"The People's Mosquito Ltd"},"image":{"@id":"https:\/\/www.peoplesmosquito.org.uk\/store\/#\/schema\/logo\/image\/"},"sameAs":["https:\/\/www.facebook.com\/peoplesmosquito","https:\/\/x.com\/peoplesmosquito","https:\/\/www.instagram.com\/thepeoplesmosquito\/","https:\/\/www.linkedin.com\/company\/the-people's-mosquito-ltd","https:\/\/www.youtube.com\/user\/PeoplesMosquito"]}]}},"_links":{"self":[{"href":"https:\/\/www.peoplesmosquito.org.uk\/store\/wp-json\/wp\/v2\/product\/7018","targetHints":{"allow":["GET"]}}],"collection":[{"href":"https:\/\/www.peoplesmosquito.org.uk\/store\/wp-json\/wp\/v2\/product"}],"about":[{"href":"https:\/\/www.peoplesmosquito.org.uk\/store\/wp-json\/wp\/v2\/types\/product"}],"replies":[{"embeddable":true,"href":"https:\/\/www.peoplesmosquito.org.uk\/store\/wp-json\/wp\/v2\/comments?post=7018"}],"wp:featuredmedia":[{"embeddable":true,"href":"https:\/\/www.peoplesmosquito.org.uk\/store\/wp-json\/wp\/v2\/media\/7012"}],"wp:attachment":[{"href":"https:\/\/www.peoplesmosquito.org.uk\/store\/wp-json\/wp\/v2\/media?parent=7018"}],"wp:term":[{"taxonomy":"product_brand","embeddable":true,"href":"https:\/\/www.peoplesmosquito.org.uk\/store\/wp-json\/wp\/v2\/product_brand?post=7018"},{"taxonomy":"product_cat","embeddable":true,"href":"https:\/\/www.peoplesmosquito.org.uk\/store\/wp-json\/wp\/v2\/product_cat?post=7018"},{"taxonomy":"product_tag","embeddable":true,"href":"https:\/\/www.peoplesmosquito.org.uk\/store\/wp-json\/wp\/v2\/product_tag?post=7018"}],"curies":[{"name":"wp","href":"https:\/\/api.w.org\/{rel}","templated":true}]}}